{"id":991,"date":"2026-03-19T07:38:24","date_gmt":"2026-03-19T07:38:24","guid":{"rendered":"https:\/\/moor-neydharting.com\/versand__lieferung\/"},"modified":"2026-03-23T08:45:58","modified_gmt":"2026-03-23T08:45:58","slug":"versand__lieferung","status":"publish","type":"page","link":"https:\/\/moor-neydharting.com\/en\/versand__lieferung\/","title":{"rendered":"Versand &#038; Lieferung"},"content":{"rendered":"<p><strong>Haftungshinweis: Das nachstehende Muster ist von einem Rechtsanwalt (<a href=\"https:\/\/drschwenke.de\" rel=\"nofollow noopener\" target=\"_blank\">https:\/\/drschwenke.de<\/a>) entsprechend den typischen Anforderungen eines Onlineshops erstellt worden.\u00a0Jedoch sollten Sie das Muster nur\u00a0nach sorgf\u00e4ltiger Pr\u00fcfung und Anpassung auf Ihr konkretes Gesch\u00e4ftsmodell verwenden. Das nachfolgende Muster enth\u00e4lt daher zus\u00e4tzliche Hinweise, die Sie beachten m\u00fcssen und rote Passagen, die Sie besonders pr\u00fcfen und ggf. anpassen m\u00fcssen. Bitte entfernen Sie die Hinweise nach der Bearbeitung. Lassen Sie sich im Zweifel rechtlich beraten. Urheberrecht: Sie d\u00fcrfen das Muster solange innerhalb der Domain\/Website nutzen, solange f\u00fcr diese auch Ihre Marketpress-Lizenz gilt. Weitergabe an Dritte, auch an Kunden (z.B. als Entwickler) ist nicht erlaubt.<\/strong><\/p>\n<p><strong>Bitte beachten Sie, dass die Versandkosten oder zumindest die Berechnungsmethoden (z.B. nach Gewicht) f\u00fcr alle belieferten L\u00e4nder angegeben werden sollen.<\/strong><\/p>\n<p><strong>Wenn Sie nur in bestimmte L\u00e4nder liefern, m\u00fcssen Sie dies den Kunden mitteilen. Zudem sollten Sie in den Einstellungen von WooCommerce nur diese L\u00e4nder als &#8222;Erlaubte L\u00e4nder&#8220; ausw\u00e4hlen. Klauseln wie &#8222;Versandkosten in andere L\u00e4nder nur auf Anfrage&#8220; sollten Sie nicht verwenden.<\/strong><\/p>\n<p><strong>Prices, shipping costs, and delivery information<\/strong><\/p>\n<p>The prices stated on the product pages include statutory value-added tax and other price components.<\/p>\n<p>Wir liefern nur innerhalb Deutschlands und \u00d6sterreichs.<\/p>\n<p>Zus\u00e4tzlich zu den angegebenen Preisen berechnen wir f\u00fcr die Lieferung innerhalb Deutschlands und \u00d6sterreichs pauschal [6,90 Euro pro Bestellung]. Die Versandkosten werden Ihnen im Warenkorbsystem und auf der Bestellseite nochmals deutlich mitgeteilt.<\/p>\n<p>Bei Zahlung per Nachnahme wird eine zus\u00e4tzliche Geb\u00fchr in H\u00f6he von [2,- Euro] f\u00e4llig, die der Zusteller vor Ort erhebt. [Weitere Steuern oder Kosten fallen nicht an.]<\/p>\n<p>F\u00fcr digitale Inhalte (E-Books, Software, etc.) fallen keine Versandkosten an.<\/p>\n<p><strong>[Hinweis an H\u00e4ndler: Der folgende Passus ist notwendig, wenn Sie eine Versandkostenpauschale angeben. Ansonsten k\u00f6nnen sie den Passus entfernen]<\/strong><\/p>\n<p>Die Versandkostenpauschale betr\u00e4gt [Wert Versandkostenpauschale angeben] Euro. Die Versandkostenpauschale enth\u00e4lt die gesetzliche Mehrwertsteuer. Da die Mehrwertsteuer auf die Versandkostenpauschale abh\u00e4ngig von den erworbenen Waren berechnet wird, kann sie sich mindern, wenn Waren zu niedrigeren Umsatzsteuers\u00e4tzen erworben werden (z.B. bei Erwerb von B\u00fcchern). Das bedeutet, dass die Versandkostenpauschale erst im Rahmen des Bestellprozesses endg\u00fcltig berechnet werden kann. Sie kann dabei jedoch nicht h\u00f6her, sondern nur zu Ihren Gunsten niedriger werden.<\/p>","protected":false},"excerpt":{"rendered":"<p>Haftungshinweis: Das nachstehende Muster ist von einem Rechtsanwalt (https:\/\/drschwenke.de) entsprechend den typischen Anforderungen eines Onlineshops erstellt worden.\u00a0Jedoch sollten Sie das Muster nur\u00a0nach sorgf\u00e4ltiger Pr\u00fcfung und Anpassung auf Ihr konkretes Gesch\u00e4ftsmodell verwenden. Das nachfolgende Muster enth\u00e4lt daher zus\u00e4tzliche Hinweise, die Sie beachten m\u00fcssen und rote Passagen, die Sie besonders pr\u00fcfen und ggf. anpassen m\u00fcssen. Bitte entfernen [&hellip;]<\/p>","protected":false},"author":1,"featured_media":0,"parent":0,"menu_order":22,"comment_status":"closed","ping_status":"closed","template":"","meta":{"_mo_disable_npp":"","footnotes":""},"class_list":["post-991","page","type-page","status-publish","hentry"],"meta_box":[],"_links":{"self":[{"href":"https:\/\/moor-neydharting.com\/en\/wp-json\/wp\/v2\/pages\/991","targetHints":{"allow":["GET"]}}],"collection":[{"href":"https:\/\/moor-neydharting.com\/en\/wp-json\/wp\/v2\/pages"}],"about":[{"href":"https:\/\/moor-neydharting.com\/en\/wp-json\/wp\/v2\/types\/page"}],"author":[{"embeddable":true,"href":"https:\/\/moor-neydharting.com\/en\/wp-json\/wp\/v2\/users\/1"}],"replies":[{"embeddable":true,"href":"https:\/\/moor-neydharting.com\/en\/wp-json\/wp\/v2\/comments?post=991"}],"version-history":[{"count":6,"href":"https:\/\/moor-neydharting.com\/en\/wp-json\/wp\/v2\/pages\/991\/revisions"}],"predecessor-version":[{"id":1715,"href":"https:\/\/moor-neydharting.com\/en\/wp-json\/wp\/v2\/pages\/991\/revisions\/1715"}],"wp:attachment":[{"href":"https:\/\/moor-neydharting.com\/en\/wp-json\/wp\/v2\/media?parent=991"}],"curies":[{"name":"wp","href":"https:\/\/api.w.org\/{rel}","templated":true}]}}